{"id":3848,"date":"2019-10-03T22:51:01","date_gmt":"2019-10-03T19:51:01","guid":{"rendered":"https:\/\/webshop.aitoavioliitto.fi\/?post_type=product&#038;p=3848"},"modified":"2024-03-24T21:37:47","modified_gmt":"2024-03-24T19:37:47","slug":"tarjouspaketti","status":"publish","type":"product","link":"https:\/\/webshop.aitoavioliitto.fi\/?product=tarjouspaketti","title":{"rendered":"[0]TARJOUSPAKETTI!"},"content":{"rendered":"<p>Osta 3 kirjaa:<\/p>\n<p>&#8211; Sukupuoli muutoksessa &#8211; Tapio Puolimatka 20\u20ac<br \/>\n&#8211; Oikeus is\u00e4\u00e4n ja \u00e4itiin &#8211; Tapio Puolimatka 20\u20ac<br \/>\n&#8211; Kutsuvat sit\u00e4 rakkaudeksi &#8211; SLEY \/ 22 toimijaa 5\u20ac<\/p>\n<p>Yhteens\u00e4 45\u20ac NYT pakettihintaan 30\u20ac,<\/p>\n<p>&#8230;niin saat kaupanp\u00e4\u00e4lle<\/p>\n<p>Aito avioliitto-kassin sinisell\u00e4 logolla, arvo 7,90\u20ac!<\/p>\n","protected":false},"excerpt":{"rendered":"<p>Osta 3 kirjaa:<\/p>\n<p>&#8211; Sukupuoli muutoksessa &#8211; Tapio Puolimatka 20\u20ac<br \/>\n&#8211; Oikeus is\u00e4\u00e4n ja \u00e4itiin &#8211; Tapio Puolimatka 20\u20ac<br \/>\n&#8211; Kutsuvat sit\u00e4 rakkaudeksi &#8211; SLEY \/ 22 toimijaa 5\u20ac<\/p>\n<p>Yhteens\u00e4 45\u20ac NYT pakettihintaan 30\u20ac,<\/p>\n<p>&#8230;niin saat kaupanp\u00e4\u00e4lle<\/p>\n<p>Aito avioliitto-kassin sinisell\u00e4 logolla, arvo 7,90\u20ac!<\/p>\n","protected":false},"featured_media":3849,"comment_status":"closed","ping_status":"closed","template":"","meta":[],"product_brand":[],"product_cat":[178],"product_tag":[],"class_list":{"0":"post-3848","1":"product","2":"type-product","3":"status-publish","4":"has-post-thumbnail","6":"product_cat-julkaisut","7":"product_shipping_class-posti_s_paketti","9":"first","10":"instock","11":"sale","12":"purchasable","13":"product-type-simple"},"_links":{"self":[{"href":"https:\/\/webshop.aitoavioliitto.fi\/index.php?rest_route=\/wp\/v2\/product\/3848","targetHints":{"allow":["GET"]}}],"collection":[{"href":"https:\/\/webshop.aitoavioliitto.fi\/index.php?rest_route=\/wp\/v2\/product"}],"about":[{"href":"https:\/\/webshop.aitoavioliitto.fi\/index.php?rest_route=\/wp\/v2\/types\/product"}],"replies":[{"embeddable":true,"href":"https:\/\/webshop.aitoavioliitto.fi\/index.php?rest_route=%2Fwp%2Fv2%2Fcomments&post=3848"}],"wp:featuredmedia":[{"embeddable":true,"href":"https:\/\/webshop.aitoavioliitto.fi\/index.php?rest_route=\/wp\/v2\/media\/3849"}],"wp:attachment":[{"href":"https:\/\/webshop.aitoavioliitto.fi\/index.php?rest_route=%2Fwp%2Fv2%2Fmedia&parent=3848"}],"wp:term":[{"taxonomy":"product_brand","embeddable":true,"href":"https:\/\/webshop.aitoavioliitto.fi\/index.php?rest_route=%2Fwp%2Fv2%2Fproduct_brand&post=3848"},{"taxonomy":"product_cat","embeddable":true,"href":"https:\/\/webshop.aitoavioliitto.fi\/index.php?rest_route=%2Fwp%2Fv2%2Fproduct_cat&post=3848"},{"taxonomy":"product_tag","embeddable":true,"href":"https:\/\/webshop.aitoavioliitto.fi\/index.php?rest_route=%2Fwp%2Fv2%2Fproduct_tag&post=3848"}],"curies":[{"name":"wp","href":"https:\/\/api.w.org\/{rel}","templated":true}]}}