{"id":3789,"date":"2019-07-16T16:29:34","date_gmt":"2019-07-16T13:29:34","guid":{"rendered":"https:\/\/webshop.aitoavioliitto.fi\/?post_type=product&#038;p=3789"},"modified":"2025-09-16T22:47:36","modified_gmt":"2025-09-16T19:47:36","slug":"77-automagneetti-oveen-metallipintaan-2-eri-kokoa","status":"publish","type":"product","link":"https:\/\/webshop.aitoavioliitto.fi\/?product=77-automagneetti-oveen-metallipintaan-2-eri-kokoa","title":{"rendered":"[77] Magneettisesti kiinnittyv\u00e4 kyltti auton oveen, 2 eri kokoa, nurkat py\u00f6ristetty"},"content":{"rendered":"","protected":false},"excerpt":{"rendered":"<p>K\u00e4tev\u00e4 automagneetti on joustava muovilevy, joka tarttuu magneettisesti kiinni rautapintoihin kuten auton oveen tai pakettiauton sivusein\u00e4\u00e4n. Helppo kiinnitt\u00e4\u00e4 mihin tahansa rautapintaan, muuallakin kuin vain auton kyljess\u00e4 ja saat sen helposti my\u00f6s irti turvaan varkailta ja ilkivallalta.<br \/>\nKuva ja teksti on painettu punaisella, saatavissa j\u00e4lkitoimituksena my\u00f6s sinisell\u00e4 painettuna.<\/p>\n","protected":false},"featured_media":4124,"comment_status":"closed","ping_status":"closed","template":"","meta":[],"product_brand":[],"product_cat":[175],"product_tag":[],"class_list":{"0":"post-3789","1":"product","2":"type-product","3":"status-publish","4":"has-post-thumbnail","6":"product_cat-mainostuotteet","8":"first","9":"instock","10":"purchasable","11":"product-type-variable","12":"has-default-attributes"},"_links":{"self":[{"href":"https:\/\/webshop.aitoavioliitto.fi\/index.php?rest_route=\/wp\/v2\/product\/3789","targetHints":{"allow":["GET"]}}],"collection":[{"href":"https:\/\/webshop.aitoavioliitto.fi\/index.php?rest_route=\/wp\/v2\/product"}],"about":[{"href":"https:\/\/webshop.aitoavioliitto.fi\/index.php?rest_route=\/wp\/v2\/types\/product"}],"replies":[{"embeddable":true,"href":"https:\/\/webshop.aitoavioliitto.fi\/index.php?rest_route=%2Fwp%2Fv2%2Fcomments&post=3789"}],"wp:featuredmedia":[{"embeddable":true,"href":"https:\/\/webshop.aitoavioliitto.fi\/index.php?rest_route=\/wp\/v2\/media\/4124"}],"wp:attachment":[{"href":"https:\/\/webshop.aitoavioliitto.fi\/index.php?rest_route=%2Fwp%2Fv2%2Fmedia&parent=3789"}],"wp:term":[{"taxonomy":"product_brand","embeddable":true,"href":"https:\/\/webshop.aitoavioliitto.fi\/index.php?rest_route=%2Fwp%2Fv2%2Fproduct_brand&post=3789"},{"taxonomy":"product_cat","embeddable":true,"href":"https:\/\/webshop.aitoavioliitto.fi\/index.php?rest_route=%2Fwp%2Fv2%2Fproduct_cat&post=3789"},{"taxonomy":"product_tag","embeddable":true,"href":"https:\/\/webshop.aitoavioliitto.fi\/index.php?rest_route=%2Fwp%2Fv2%2Fproduct_tag&post=3789"}],"curies":[{"name":"wp","href":"https:\/\/api.w.org\/{rel}","templated":true}]}}