{"id":3340,"date":"2019-03-10T16:46:03","date_gmt":"2019-03-10T14:46:03","guid":{"rendered":"http:\/\/webshop.aitoavioliitto.fi\/?post_type=product&#038;p=3340"},"modified":"2026-03-10T21:02:15","modified_gmt":"2026-03-10T19:02:15","slug":"ilmapallot","status":"publish","type":"product","link":"https:\/\/webshop.aitoavioliitto.fi\/?product=ilmapallot","title":{"rendered":"[9] Ilmapallot"},"content":{"rendered":"","protected":false},"excerpt":{"rendered":"<p>Aito avioliitto -painatukset ovat kahden puolen palloa! Monik\u00e4ytt\u00f6inen ja edullinen pallo koristeeksi juhliin ja jaettavaksi lapsille tapahtumissa.<\/p>\n<p>Pallon voi t\u00e4ytt\u00e4\u00e4 ilmalla tai heliumilla.\u00a0 Ilmalla t\u00e4ytett\u00e4ess\u00e4 tarvitaan my\u00f6s muovitikku, jonka p\u00e4\u00e4h\u00e4n pallo laitetaan. Muovitikut ovat erillisen\u00e4 tuotteena. Heliumilla t\u00e4ytett\u00e4ess\u00e4 tarvitaan erityisi\u00e4 ilmapallonaruja (ei varastossa), joissa on sulkija. K\u00e4tev\u00e4n sulkijan ansiosta pallon sulkeminen k\u00e4y nopeasti.<br \/>\nHeliumilla t\u00e4ytett\u00e4ess\u00e4 kannattaa vuokrata t\u00e4ytt\u00f6laite heliumpullon lis\u00e4ksi, t\u00e4ytt\u00f6 sujuu sill\u00e4.<br \/>\nHeliumilla t\u00e4ytett\u00e4ess\u00e4 lentoaika on noin 4-6 tuntia, helium l\u00e4p\u00e4isee hiljakseen kumipallon huokoset. Ilmalla t\u00e4ytett\u00e4ess\u00e4 pallo voi s\u00e4ily\u00e4 suurena pari p\u00e4iv\u00e4\u00e4kin.<\/p>\n","protected":false},"featured_media":3504,"comment_status":"closed","ping_status":"closed","template":"","meta":[],"product_brand":[],"product_cat":[193,175],"product_tag":[],"class_list":{"0":"post-3340","1":"product","2":"type-product","3":"status-publish","4":"has-post-thumbnail","6":"product_cat-lahjat-ja-pientavara","7":"product_cat-mainostuotteet","8":"product_shipping_class-posti_s_paketti","10":"first","11":"instock","12":"purchasable","13":"product-type-variable","14":"has-default-attributes"},"_links":{"self":[{"href":"https:\/\/webshop.aitoavioliitto.fi\/index.php?rest_route=\/wp\/v2\/product\/3340","targetHints":{"allow":["GET"]}}],"collection":[{"href":"https:\/\/webshop.aitoavioliitto.fi\/index.php?rest_route=\/wp\/v2\/product"}],"about":[{"href":"https:\/\/webshop.aitoavioliitto.fi\/index.php?rest_route=\/wp\/v2\/types\/product"}],"replies":[{"embeddable":true,"href":"https:\/\/webshop.aitoavioliitto.fi\/index.php?rest_route=%2Fwp%2Fv2%2Fcomments&post=3340"}],"wp:featuredmedia":[{"embeddable":true,"href":"https:\/\/webshop.aitoavioliitto.fi\/index.php?rest_route=\/wp\/v2\/media\/3504"}],"wp:attachment":[{"href":"https:\/\/webshop.aitoavioliitto.fi\/index.php?rest_route=%2Fwp%2Fv2%2Fmedia&parent=3340"}],"wp:term":[{"taxonomy":"product_brand","embeddable":true,"href":"https:\/\/webshop.aitoavioliitto.fi\/index.php?rest_route=%2Fwp%2Fv2%2Fproduct_brand&post=3340"},{"taxonomy":"product_cat","embeddable":true,"href":"https:\/\/webshop.aitoavioliitto.fi\/index.php?rest_route=%2Fwp%2Fv2%2Fproduct_cat&post=3340"},{"taxonomy":"product_tag","embeddable":true,"href":"https:\/\/webshop.aitoavioliitto.fi\/index.php?rest_route=%2Fwp%2Fv2%2Fproduct_tag&post=3340"}],"curies":[{"name":"wp","href":"https:\/\/api.w.org\/{rel}","templated":true}]}}