{"id":3326,"date":"2019-03-09T23:09:13","date_gmt":"2019-03-09T21:09:13","guid":{"rendered":"http:\/\/webshop.aitoavioliitto.fi\/?post_type=product&#038;p=3326"},"modified":"2019-06-25T14:03:27","modified_gmt":"2019-06-25T11:03:27","slug":"aito-avioliitto-yleisesite","status":"publish","type":"product","link":"https:\/\/webshop.aitoavioliitto.fi\/?product=aito-avioliitto-yleisesite","title":{"rendered":"Aito avioliitto yleisesite 10 kpl"},"content":{"rendered":"","protected":false},"excerpt":{"rendered":"<p>Aito avioliitto ry yleisesite.<\/p>\n<p>Esite painaa 21g \/ kpl eli 10 kpl nippu kulkee kirjeen\u00e4 (max. 250g).<\/p>\n<p>(Isompi m\u00e4\u00e4r\u00e4 toimitetaan pakettina.)<\/p>\n","protected":false},"featured_media":3511,"comment_status":"closed","ping_status":"closed","template":"","meta":[],"product_brand":[],"product_cat":[178],"product_tag":[],"class_list":{"0":"post-3326","1":"product","2":"type-product","3":"status-publish","4":"has-post-thumbnail","6":"product_cat-julkaisut","7":"product_shipping_class-posti_kirje_250g","9":"first","10":"instock","11":"sold-individually","12":"purchasable","13":"product-type-simple"},"_links":{"self":[{"href":"https:\/\/webshop.aitoavioliitto.fi\/index.php?rest_route=\/wp\/v2\/product\/3326","targetHints":{"allow":["GET"]}}],"collection":[{"href":"https:\/\/webshop.aitoavioliitto.fi\/index.php?rest_route=\/wp\/v2\/product"}],"about":[{"href":"https:\/\/webshop.aitoavioliitto.fi\/index.php?rest_route=\/wp\/v2\/types\/product"}],"replies":[{"embeddable":true,"href":"https:\/\/webshop.aitoavioliitto.fi\/index.php?rest_route=%2Fwp%2Fv2%2Fcomments&post=3326"}],"wp:featuredmedia":[{"embeddable":true,"href":"https:\/\/webshop.aitoavioliitto.fi\/index.php?rest_route=\/wp\/v2\/media\/3511"}],"wp:attachment":[{"href":"https:\/\/webshop.aitoavioliitto.fi\/index.php?rest_route=%2Fwp%2Fv2%2Fmedia&parent=3326"}],"wp:term":[{"taxonomy":"product_brand","embeddable":true,"href":"https:\/\/webshop.aitoavioliitto.fi\/index.php?rest_route=%2Fwp%2Fv2%2Fproduct_brand&post=3326"},{"taxonomy":"product_cat","embeddable":true,"href":"https:\/\/webshop.aitoavioliitto.fi\/index.php?rest_route=%2Fwp%2Fv2%2Fproduct_cat&post=3326"},{"taxonomy":"product_tag","embeddable":true,"href":"https:\/\/webshop.aitoavioliitto.fi\/index.php?rest_route=%2Fwp%2Fv2%2Fproduct_tag&post=3326"}],"curies":[{"name":"wp","href":"https:\/\/api.w.org\/{rel}","templated":true}]}}