{"id":3321,"date":"2019-03-09T22:22:27","date_gmt":"2019-03-09T20:22:27","guid":{"rendered":"http:\/\/webshop.aitoavioliitto.fi\/?post_type=product&#038;p=3321"},"modified":"2021-02-26T15:27:57","modified_gmt":"2021-02-26T13:27:57","slug":"mita-tarkoittaa-kasite-sukupuoli","status":"publish","type":"product","link":"https:\/\/webshop.aitoavioliitto.fi\/?product=mita-tarkoittaa-kasite-sukupuoli","title":{"rendered":"Mit\u00e4 tarkoittaa k\u00e4site &#8221;sukupuoli&#8221;?  (100 kpl)"},"content":{"rendered":"","protected":false},"excerpt":{"rendered":"<p>T\u00e4m\u00e4 A4-kokoiseksi taitettu 4 sivuinen esite on saatavana my\u00f6s ruotsinkielisen\u00e4.<\/p>\n<p>Toimitus 100 kpl nippuina. Pienemm\u00e4t er\u00e4t sopimuksen mukaan. <\/p>\n","protected":false},"featured_media":3514,"comment_status":"closed","ping_status":"closed","template":"","meta":[],"product_brand":[],"product_cat":[178],"product_tag":[],"class_list":{"0":"post-3321","1":"product","2":"type-product","3":"status-publish","4":"has-post-thumbnail","6":"product_cat-julkaisut","7":"product_shipping_class-posti_s_paketti","9":"first","10":"outofstock","11":"purchasable","12":"product-type-simple"},"_links":{"self":[{"href":"https:\/\/webshop.aitoavioliitto.fi\/index.php?rest_route=\/wp\/v2\/product\/3321","targetHints":{"allow":["GET"]}}],"collection":[{"href":"https:\/\/webshop.aitoavioliitto.fi\/index.php?rest_route=\/wp\/v2\/product"}],"about":[{"href":"https:\/\/webshop.aitoavioliitto.fi\/index.php?rest_route=\/wp\/v2\/types\/product"}],"replies":[{"embeddable":true,"href":"https:\/\/webshop.aitoavioliitto.fi\/index.php?rest_route=%2Fwp%2Fv2%2Fcomments&post=3321"}],"wp:featuredmedia":[{"embeddable":true,"href":"https:\/\/webshop.aitoavioliitto.fi\/index.php?rest_route=\/wp\/v2\/media\/3514"}],"wp:attachment":[{"href":"https:\/\/webshop.aitoavioliitto.fi\/index.php?rest_route=%2Fwp%2Fv2%2Fmedia&parent=3321"}],"wp:term":[{"taxonomy":"product_brand","embeddable":true,"href":"https:\/\/webshop.aitoavioliitto.fi\/index.php?rest_route=%2Fwp%2Fv2%2Fproduct_brand&post=3321"},{"taxonomy":"product_cat","embeddable":true,"href":"https:\/\/webshop.aitoavioliitto.fi\/index.php?rest_route=%2Fwp%2Fv2%2Fproduct_cat&post=3321"},{"taxonomy":"product_tag","embeddable":true,"href":"https:\/\/webshop.aitoavioliitto.fi\/index.php?rest_route=%2Fwp%2Fv2%2Fproduct_tag&post=3321"}],"curies":[{"name":"wp","href":"https:\/\/api.w.org\/{rel}","templated":true}]}}