{"id":3296,"date":"2019-03-09T10:58:00","date_gmt":"2019-03-09T08:58:00","guid":{"rendered":"http:\/\/webshop.aitoavioliitto.fi\/?post_type=product&#038;p=3296"},"modified":"2025-12-22T00:09:11","modified_gmt":"2025-12-21T22:09:11","slug":"jasenmaksut","status":"publish","type":"product","link":"https:\/\/webshop.aitoavioliitto.fi\/?product=jasenmaksut","title":{"rendered":"J\u00e4senmaksu, yksityishenkil\u00f6"},"content":{"rendered":"<p>Suosittelemme omien tietojen j\u00e4sentietojen sy\u00f6tt\u00e4mist\u00e4 ja maksua t\u00e4\u00e4ll\u00e4 verkkokaupassamme, kaikki tiedot tulevat silloin meille automaattisesti.<\/p>\n<p>Kaikilla ei ole mahdollisuutta helpoimpaan tapaan maksaa tietokoneen tai \u00e4lypuhelimen kautta eli on tarve k\u00e4yd\u00e4 pankissa itse maksamassa.\u00a0 <strong>Muistathan silloin laittaa yhteystietosi pankkisiirtolomakkeen selityskentt\u00e4\u00e4n<\/strong>, ellet j\u00e4t\u00e4 yhteystietojasi t\u00e4nne verkkokauppaamme!\u00a0 Pelk\u00e4ll\u00e4 maksajan nimell\u00e4 emme tied\u00e4 uudesta j\u00e4senest\u00e4, kuka on kyseess\u00e4.<\/p>\n<p>Pankkiyhteystiedot ja viitenumero <strong>vain j\u00e4senmaksuille<\/strong>:<\/p>\n<blockquote><p>Aito avioliitto ry<\/p>\n<p>Tilinumero:\u00a0 FI88 4108 0013 0603 33<\/p>\n<p>Viite:\u00a0<strong> RF43 1428 3033<\/strong><\/p><\/blockquote>\n","protected":false},"excerpt":{"rendered":"<p>Vuosittainen j\u00e4senmaksu:<\/p>\n<p><strong>Varsinaisen j\u00e4senen<\/strong> vuosimaksu on 40\u20ac (t\u00e4ysi maksu), 30\u20ac (alennettu hinta: el\u00e4kel\u00e4iset, opiskelijat, ty\u00f6tt\u00f6m\u00e4t, varusmiehet).<\/p>\n<p>Varsinaisella j\u00e4senell\u00e4 on oikeus osallistua vuosikokoukseen sek\u00e4 my\u00f6s mahdollisuus asettua ehdolle ja\u00a0 tulla valituksi yhdistyksen hallitukseen.<br \/>\nVarsinaiset j\u00e4senet muodostavat yhdistyksen aktiivisimman rungon, kukin edist\u00e4en vapaaehtoispohjalta yhdistyksen toimintaa mahdollisuuksiensa, kykyjens\u00e4 ja taipumustensa mukaan.<\/p>\n<p><strong>Kannatusj\u00e4sen vuosimaksu<\/strong> 20\u20ac, puolestaan tukee omalta osaltaan yhdistyksen taloutta. Toimintaan voi halutessaan osallistua siin\u00e4 laajuudessa ja muodossa kuin kullekin sopii.<\/p>\n<p>J\u00e4senyytesi kirjautuu\u00a0 automaattisesti j\u00e4senrekisteriimme suoritettuasi maksun t\u00e4\u00e4ll\u00e4 verkkokaupassa,\u00a0 ja liitt\u00e4\u00e4 samalla uuden j\u00e4senen s\u00e4hk\u00f6postituslistalle. Siksi toivomme, ett\u00e4 maksutavasta riippumatta kirjaat tietosi aina t\u00e4\u00e4ll\u00e4 verkkokaupassa, siin\u00e4kin tapauksessa, ett\u00e4 haluat suorittaa j\u00e4senmaksun vasta my\u00f6hemmin pankkiin pankkisiirrolla. Autamme mielell\u00e4mme j\u00e4senyyden voimaansaattamisessa valmiiksi, jos j\u00e4senyyden kirjaaminen t\u00e4\u00e4ll\u00e4 verkkokaupassa ei syyst\u00e4 tai toisesta onnistu (ei tietokonetta tai \u00e4lypuhelinta, tms.).\u00a0 T\u00e4m\u00e4n sivun alareunasta l\u00f6ytyy tili- ja viitenumero j\u00e4senmaksuille, jos maksat maksun erikseen pankissa t\u00e4m\u00e4n verkkokaupan ulkopuolella.<br \/>\nS\u00e4ilyt\u00e4mme henkil\u00f6tietojasi luottamuksellisesti ja hyvin suojattuina. Tarkemmin asiasta kerrotaan <a href=\"https:\/\/webshop.aitoavioliitto.fi\/?page_id=3429\">tietosuojaselosteessa<\/a>.<\/p>\n","protected":false},"featured_media":4258,"comment_status":"closed","ping_status":"closed","template":"","meta":[],"product_brand":[],"product_cat":[179],"product_tag":[185],"class_list":{"0":"post-3296","1":"product","2":"type-product","3":"status-publish","4":"has-post-thumbnail","6":"product_cat-erilaiset_maksut","7":"product_tag-maksut","8":"product_shipping_class-ei_toimituskuluja","10":"first","11":"instock","12":"purchasable","13":"product-type-variable","14":"has-default-attributes"},"_links":{"self":[{"href":"https:\/\/webshop.aitoavioliitto.fi\/index.php?rest_route=\/wp\/v2\/product\/3296","targetHints":{"allow":["GET"]}}],"collection":[{"href":"https:\/\/webshop.aitoavioliitto.fi\/index.php?rest_route=\/wp\/v2\/product"}],"about":[{"href":"https:\/\/webshop.aitoavioliitto.fi\/index.php?rest_route=\/wp\/v2\/types\/product"}],"replies":[{"embeddable":true,"href":"https:\/\/webshop.aitoavioliitto.fi\/index.php?rest_route=%2Fwp%2Fv2%2Fcomments&post=3296"}],"wp:featuredmedia":[{"embeddable":true,"href":"https:\/\/webshop.aitoavioliitto.fi\/index.php?rest_route=\/wp\/v2\/media\/4258"}],"wp:attachment":[{"href":"https:\/\/webshop.aitoavioliitto.fi\/index.php?rest_route=%2Fwp%2Fv2%2Fmedia&parent=3296"}],"wp:term":[{"taxonomy":"product_brand","embeddable":true,"href":"https:\/\/webshop.aitoavioliitto.fi\/index.php?rest_route=%2Fwp%2Fv2%2Fproduct_brand&post=3296"},{"taxonomy":"product_cat","embeddable":true,"href":"https:\/\/webshop.aitoavioliitto.fi\/index.php?rest_route=%2Fwp%2Fv2%2Fproduct_cat&post=3296"},{"taxonomy":"product_tag","embeddable":true,"href":"https:\/\/webshop.aitoavioliitto.fi\/index.php?rest_route=%2Fwp%2Fv2%2Fproduct_tag&post=3296"}],"curies":[{"name":"wp","href":"https:\/\/api.w.org\/{rel}","templated":true}]}}