{"id":3285,"date":"2019-03-08T22:19:31","date_gmt":"2019-03-08T20:19:31","guid":{"rendered":"http:\/\/webshop.aitoavioliitto.fi\/?post_type=product&#038;p=3285"},"modified":"2025-07-30T16:31:19","modified_gmt":"2025-07-30T13:31:19","slug":"t-paita-logolla-kopio","status":"publish","type":"product","link":"https:\/\/webshop.aitoavioliitto.fi\/?product=t-paita-logolla-kopio","title":{"rendered":"&#8221;Classic&#8221; T-paita logolla ja tekstill\u00e4"},"content":{"rendered":"","protected":false},"excerpt":{"rendered":"<p>Tyt\u00f6ll\u00e4 on p\u00e4\u00e4ll\u00e4 L-koko, miehell\u00e4 XL-koko. Huomaa, ett\u00e4 kokotaulukko on erilainen vaaleanpunaisella ja tummansinisell\u00e4 paidalla, alempana lis\u00e4\u00e4 siit\u00e4.<br \/>\nSe alkuper\u00e4inen ja ensimm\u00e4inen T-paitamallimme, &#8221;Classic&#8221; nyt varustettuna &#8221;AITO AVIOLIITTO&#8221; -tekstill\u00e4.<br \/>\nTeetimme er\u00e4n isoja kokoja suomalaisella toimittajalla. N\u00e4iss\u00e4 paidoissa on kahta v\u00e4ri\u00e4, laivaston sininen (eritt\u00e4in tumma sininen) ja naisten paidat ovat ihastusta her\u00e4tt\u00e4v\u00e4n kauniita vaaleanpunaisia. Sek\u00e4 naisten ett\u00e4 miesten paidassa on logo ja sen alla teksti &#8221;AITO AVIOLIITTO&#8221;. Materiaali on puuvilla. Suositeltu pesu 40 asteessa.<\/p>\n<p>Miesten mitoitus tummansininen paita:<br \/>\nKoko Leveys<br \/>\nXL 63 cm<br \/>\n2XL 68 cm<br \/>\n3XL 71 cm<\/p>\n<p>Naisten mitoitus vaaleanpunainen paita:<br \/>\nKoko Leveys<br \/>\nL 50 cm<br \/>\nXL 55 cm<br \/>\n2XL 58 cm<\/p>\n<p>Leveys on mitattu kainalon alta, kun paita on levitetty suoraksi p\u00f6yd\u00e4ll\u00e4.<\/p>\n<p>Kannattaa valita mieluummin hieman v\u00e4lj\u00e4 T-paita, jolloin se istuu rennommin p\u00e4\u00e4lle.<\/p>\n","protected":false},"featured_media":3775,"comment_status":"closed","ping_status":"closed","template":"","meta":[],"product_brand":[],"product_cat":[176],"product_tag":[],"class_list":{"0":"post-3285","1":"product","2":"type-product","3":"status-publish","4":"has-post-thumbnail","6":"product_cat-paidat","7":"product_shipping_class-posti_s_paketti","9":"first","10":"instock","11":"purchasable","12":"product-type-variable","13":"has-default-attributes"},"_links":{"self":[{"href":"https:\/\/webshop.aitoavioliitto.fi\/index.php?rest_route=\/wp\/v2\/product\/3285","targetHints":{"allow":["GET"]}}],"collection":[{"href":"https:\/\/webshop.aitoavioliitto.fi\/index.php?rest_route=\/wp\/v2\/product"}],"about":[{"href":"https:\/\/webshop.aitoavioliitto.fi\/index.php?rest_route=\/wp\/v2\/types\/product"}],"replies":[{"embeddable":true,"href":"https:\/\/webshop.aitoavioliitto.fi\/index.php?rest_route=%2Fwp%2Fv2%2Fcomments&post=3285"}],"wp:featuredmedia":[{"embeddable":true,"href":"https:\/\/webshop.aitoavioliitto.fi\/index.php?rest_route=\/wp\/v2\/media\/3775"}],"wp:attachment":[{"href":"https:\/\/webshop.aitoavioliitto.fi\/index.php?rest_route=%2Fwp%2Fv2%2Fmedia&parent=3285"}],"wp:term":[{"taxonomy":"product_brand","embeddable":true,"href":"https:\/\/webshop.aitoavioliitto.fi\/index.php?rest_route=%2Fwp%2Fv2%2Fproduct_brand&post=3285"},{"taxonomy":"product_cat","embeddable":true,"href":"https:\/\/webshop.aitoavioliitto.fi\/index.php?rest_route=%2Fwp%2Fv2%2Fproduct_cat&post=3285"},{"taxonomy":"product_tag","embeddable":true,"href":"https:\/\/webshop.aitoavioliitto.fi\/index.php?rest_route=%2Fwp%2Fv2%2Fproduct_tag&post=3285"}],"curies":[{"name":"wp","href":"https:\/\/api.w.org\/{rel}","templated":true}]}}