{"id":3073,"date":"2019-03-05T00:30:00","date_gmt":"2019-03-04T22:30:00","guid":{"rendered":"http:\/\/webshop.aitoavioliitto.fi\/?post_type=product&#038;p=3073"},"modified":"2026-03-10T21:02:15","modified_gmt":"2026-03-10T19:02:15","slug":"liput","status":"publish","type":"product","link":"https:\/\/webshop.aitoavioliitto.fi\/?product=liput","title":{"rendered":"K\u00e4silippu"},"content":{"rendered":"","protected":false},"excerpt":{"rendered":"<p>Punainen tai sininen k\u00e4silippu Aito avioliitto -logolla ja tekstill\u00e4 soveltuu moneen menoon.<\/p>\n<p>Mukava koriste my\u00f6s auton antennissa etenkin jos antennisi sijaitsee auton katossa takaosassa!<\/p>\n","protected":false},"featured_media":3506,"comment_status":"closed","ping_status":"closed","template":"","meta":[],"product_brand":[],"product_cat":[193,175],"product_tag":[180,181],"class_list":{"0":"post-3073","1":"product","2":"type-product","3":"status-publish","4":"has-post-thumbnail","6":"product_cat-lahjat-ja-pientavara","7":"product_cat-mainostuotteet","8":"product_tag-liput","9":"product_tag-mainonta","10":"product_shipping_class-posti_m_paketti","12":"first","13":"instock","14":"purchasable","15":"product-type-variable","16":"has-default-attributes"},"_links":{"self":[{"href":"https:\/\/webshop.aitoavioliitto.fi\/index.php?rest_route=\/wp\/v2\/product\/3073","targetHints":{"allow":["GET"]}}],"collection":[{"href":"https:\/\/webshop.aitoavioliitto.fi\/index.php?rest_route=\/wp\/v2\/product"}],"about":[{"href":"https:\/\/webshop.aitoavioliitto.fi\/index.php?rest_route=\/wp\/v2\/types\/product"}],"replies":[{"embeddable":true,"href":"https:\/\/webshop.aitoavioliitto.fi\/index.php?rest_route=%2Fwp%2Fv2%2Fcomments&post=3073"}],"wp:featuredmedia":[{"embeddable":true,"href":"https:\/\/webshop.aitoavioliitto.fi\/index.php?rest_route=\/wp\/v2\/media\/3506"}],"wp:attachment":[{"href":"https:\/\/webshop.aitoavioliitto.fi\/index.php?rest_route=%2Fwp%2Fv2%2Fmedia&parent=3073"}],"wp:term":[{"taxonomy":"product_brand","embeddable":true,"href":"https:\/\/webshop.aitoavioliitto.fi\/index.php?rest_route=%2Fwp%2Fv2%2Fproduct_brand&post=3073"},{"taxonomy":"product_cat","embeddable":true,"href":"https:\/\/webshop.aitoavioliitto.fi\/index.php?rest_route=%2Fwp%2Fv2%2Fproduct_cat&post=3073"},{"taxonomy":"product_tag","embeddable":true,"href":"https:\/\/webshop.aitoavioliitto.fi\/index.php?rest_route=%2Fwp%2Fv2%2Fproduct_tag&post=3073"}],"curies":[{"name":"wp","href":"https:\/\/api.w.org\/{rel}","templated":true}]}}