{"id":3429,"date":"2019-03-14T01:19:33","date_gmt":"2019-03-13T23:19:33","guid":{"rendered":"https:\/\/webshop.aitoavioliitto.fi\/?page_id=3429"},"modified":"2020-05-04T15:48:13","modified_gmt":"2020-05-04T12:48:13","slug":"aito-avioliitto-ryn-henkilotietolain-523-1999-10-%c2%a7-ja-eun-yleinen-tietosuoja-asetuksen-2016-679-mukainen-rekisteri-ja-tietosuojaseloste","status":"publish","type":"page","link":"https:\/\/webshop.aitoavioliitto.fi\/?page_id=3429","title":{"rendered":"Aito avioliitto ry:n Henkil\u00f6tietolain (523\/1999) 10 \u00a7 ja EU:n yleinen tietosuoja-asetuksen 2016\/679 mukainen rekisteri- ja tietosuojaseloste"},"content":{"rendered":"\n<p>Versio:  v1.1    04.01.2020 <\/p>\n\n\n\n<p><strong>Rekisterin\npit\u00e4j\u00e4<\/strong><\/p>\n\n\n\n<p>Aito\navioliitto ry<\/p>\n\n\n\n<p>\nY-tunnus\n2786880-3<\/p>\n\n\n\n<p>Yhdistys\non yleishy\u00f6dyllinen kansalaisj\u00e4rjest\u00f6.<\/p>\n\n\n\n<p><strong>Osoite<\/strong><\/p>\n\n\n\n<p>Kinaporinkuja\n7B<\/p>\n\n\n\n<p>01370\n Vantaa<\/p>\n\n\n\n<p><strong>Muut\nyhteystiedot<\/strong>\n\n<\/p>\n\n\n\n<p>Asiakaspalvelu: <a href=\"mailto:verkkokauppa(\u00e4t)aitoavioliitto.fi\">verkkokauppa(\u00e4t)aitoavioliitto.fi<\/a><\/p>\n\n\n\n<p>Hallinto: <a href=\"mailto:aito.avioliitto(\u00e4t)gmail.com\">aito.avioliitto(\u00e4t)gmail.com<\/a><\/p>\n\n\n\n<p><strong>Yhteyshenkil\u00f6\nrekisteri\u00e4 koskevissa asioissa<\/strong><\/p>\n\n\n\n<p>Veikka Mattila,  veikka.mattila@aitoavioliitto.fi <\/p>\n\n\n\n<p><strong>Rekisterin\nnimi<\/strong><\/p>\n\n\n\n<p>Aito avioliiton integroitu verkkokaupan asiakasrekisteri ja yhdistyksen j\u00e4senrekisteri<\/p>\n\n\n\n<p><strong>Henkil\u00f6tietojen\nk\u00e4sittelyn tarkoitus<\/strong><\/p>\n\n\n\n<p> Aito avioliitto ry:n verkkokaupan henkil\u00f6rekisteri on asiakkaan tilaamien tuotteiden toimittamista varten, yhdistyksen laillisten velvoitteiden t\u00e4ytt\u00e4mist\u00e4 varten, asiakastietojen yll\u00e4pitoa ja hallintaa varten, tuotteiden takuuajan seurantaa varten sek\u00e4 tiedottamista varten. Asiakasrekisteri on hy\u00f6dyllinen asiakkaalle itselleen, rekister\u00f6itym\u00e4ll\u00e4 sen k\u00e4ytt\u00e4j\u00e4ksi voi seurata omia aiempia tapahtumia verkkokaupassa. Rekister\u00f6ityminen omien ostosten seurantaan on vapaaehtoinen.  Yhdistyksen j\u00e4senrekisteriss\u00e4 s\u00e4ilytet\u00e4\u00e4n tietoja yhdistyksen j\u00e4senist\u00e4 ja se sis\u00e4lt\u00e4\u00e4 henkil\u00f6n nimen ja yhteystiedot, minimiss\u00e4\u00e4n kuitenkin nimen ja kotipaikan.<\/p>\n\n\n\n<p>\nVerkkokaupan\nsis\u00e4lt\u00e4m\u00e4 rekisteri on kiinte\u00e4 osa verkkokaupan teknist\u00e4\nj\u00e4rjestelm\u00e4\u00e4. Sen tuottamia  tietoja k\u00e4ytet\u00e4\u00e4n yhdistyksen\nlaillisten velvoitteiden t\u00e4ytt\u00e4miseksi, esimerkiksi kirjanpitoon. \nTietoja voidaan k\u00e4ytt\u00e4\u00e4\nmy\u00f6s tiedottamiseen verkkokaupassa tapahtuneista muutoksista ja\nuusista tuotteista.   \n<\/p>\n\n\n\n<p>\n<strong>Rekisterin\ntietosis\u00e4lt\u00f6<\/strong><\/p>\n\n\n\n<p>\nAsiakasrekisteriss\u00e4\non asiakkaan\nnimi,\nkotiosoite, s\u00e4hk\u00f6postiosoite ja\npuhelinnumero. Lis\u00e4ksi\nl\u00f6ytyy\ntiedot ostotapahtumista\nja maksutavasta.\n Maksukorttien\nk\u00e4sittely ei tapahdu verkkokaupan sis\u00e4ll\u00e4 vaan asiakas siirret\u00e4\u00e4n\nsiksi ajaksi maksuliikenteen k\u00e4sittelij\u00e4n j\u00e4rjestelm\u00e4\u00e4n. \nVerkkokauppaan palautuu tieto maksun onnistumisesta tai\nep\u00e4onnistumisesta.  Verkkokauppaan ei tallenneta maksukortin\ntietoja.<\/p>\n\n\n\n<p><strong>Maksujen k\u00e4sittely<\/strong><\/p>\n\n\n\n<p>Maksupalvelun tarjoaa Verifone Finland Oy (0943819-9). Verifone Finland Oy on Finanssivalvonnan toimiluvan saanut maksulaitos. Maksutapahtumat toteutetaan Verifone Finland Oy:n suojatussa tietoturvallisessa maksuymp\u00e4rist\u00f6ss\u00e4. Pankki- ja korttimaksujen vastaanottajana tiliotteella sek\u00e4 mahdollisilla korttilaskuilla vastaanottajana n\u00e4kyy Verifone Finland Oy, joka v\u00e4litt\u00e4\u00e4 maksut kauppiaalle.<\/p>\n\n\n\n<p>Verifone Finland Oy<br> Vantaankoskentie 14<br> 01670 Vantaa<br> Asiakaspalvelu kuluttajille, puh. 020 753 5192, kuluttaja(\u00e4t)verifone.fi<br> www.verifone.fi<\/p>\n\n\n\n<p><strong>S\u00e4\u00e4nn\u00f6nmukaiset\ntietol\u00e4hteet<\/strong><\/p>\n\n\n\n<p>\nAsiakkaan\nasioidessa verkkokaupassa tallennetaan asiakkaan tiedot, jotka\nmahdollistavat kaupan toteuttamisen ja tuotteen toimituksen. \nToimitusosoitteeksi voi valita toisen osoitteen kuin maksajan osoite.\n\n<\/p>\n\n\n\n<p><strong>Tietojen\ns\u00e4\u00e4nn\u00f6nmukaiset luovutukset<\/strong><\/p>\n\n\n\n<p> Maksujen v\u00e4lityksest\u00e4 huolehtivalla yrityksell\u00e4 Verifone Finland Oy:ll\u00e4 on oikeus saada tarvittavat tiedot maksusuorituksen k\u00e4sittely\u00e4 varten ja kyseist\u00e4 vaihetta koskevat maksun v\u00e4litt\u00e4j\u00e4n omat tietosuojas\u00e4\u00e4nn\u00f6kset. Yhdistyksen asiakasrekisterin tiedot ovat Aito avioliitto ry:n hallituksen ja puheenjohtajan sek\u00e4 tavaran toimituksia hoitavan henkil\u00f6n luettavissa. Asiakastietoja ei luovuteta ulkopuolisille tahoille.<\/p>\n\n\n\n<p>\nTietonsa\nhenkil\u00f6rekisterin asiakastietoihin\nantaneella on oikeus tarkastaa tietonsa veloituksetta kerran vuodessa\nja oikeus kielt\u00e4\u00e4 tietojensa k\u00e4sittely.<\/p>\n\n\n\n<p><strong>Tietojen\nsiirto EU:n tai ETA:n ulkopuolelle<\/strong><\/p>\n\n\n\n<p>Aito\navioliitto ry ei siirr\u00e4 asiakasrekisterin\ntietoja EU:n eik\u00e4 ETA:n ulkopuolelle.<\/p>\n\n\n\n<p><strong>Tietojen\npoistaminen ja tietojen s\u00e4ilytysaika<\/strong><\/p>\n\n\n\n<p>Aito\navioliitto ry voi\npoistaa tietoja\nasiakasrekisterist\u00e4,\njos henkil\u00f6 sit\u00e4 pyyt\u00e4\u00e4. Poistopyynt\u00f6\nei voi koskea kuitenkaan tietoja, joita tarvitaan yhdistyksen\nvelvoitteiden t\u00e4ytt\u00e4miseksi koskien esimerkiksi kirjanpitoa,\nverotusta ja takuu- tai\nmuita laillisia sitoumuksia.\nRekisterinpit\u00e4j\u00e4\ns\u00e4ilytt\u00e4\u00e4 tietoja vain niin kauan, kun on tarpeen rekisterin\nk\u00e4ytt\u00f6tarkoituksen kannalta.<\/p>\n\n\n\n<p><strong>Rekisterin\nsuojauksen periaatteet<\/strong><\/p>\n\n\n\n<p>Asiakastietoihin\np\u00e4\u00e4see\nk\u00e4siksi vain\nyhdistyksen johdon hyv\u00e4ksym\u00e4t\nhenkil\u00f6t.  Tietoyhteydet\nverkkokauppaan on toteutettu salatuin yhteyksin. Verkkokaupan\ntietokannat sijaitsevat hyvin suojatuissa konesaleissa.  Yhdistys\ns\u00e4ilytt\u00e4\u00e4 asiakastiedot\nhuolellisesti eik\u00e4 luovuta niit\u00e4 ulkopuolisille tahoille.\n<\/p>\n\n\n\n<p><strong>Tietosuojaselosteen\nmuuttaminen<\/strong><\/p>\n\n\n\n<p>Rekisterinpit\u00e4j\u00e4\npid\u00e4tt\u00e4\u00e4 oikeuden p\u00e4ivitt\u00e4\u00e4 ja muuttaa tietosuojaselostetta.\nLains\u00e4\u00e4d\u00e4nn\u00f6n niin vaatiessa ilmoitamme siit\u00e4 rekister\u00f6idylle.<\/p>\n","protected":false},"excerpt":{"rendered":"<p>Versio: v1.1 04.01.2020 Rekisterin pit\u00e4j\u00e4 Aito avioliitto ry Y-tunnus 2786880-3 Yhdistys on yleishy\u00f6dyllinen kansalaisj\u00e4rjest\u00f6. Osoite Kinaporinkuja 7B 01370 Vantaa Muut yhteystiedot Asiakaspalvelu: verkkokauppa(\u00e4t)aitoavioliitto.fi Hallinto: aito.avioliitto(\u00e4t)gmail.com Yhteyshenkil\u00f6 rekisteri\u00e4 koskevissa asioissa Veikka Mattila, veikka.mattila@aitoavioliitto.fi Rekisterin nimi Aito avioliiton integroitu verkkokaupan asiakasrekisteri ja yhdistyksen j\u00e4senrekisteri Henkil\u00f6tietojen k\u00e4sittelyn tarkoitus Aito avioliitto ry:n verkkokaupan henkil\u00f6rekisteri on asiakkaan tilaamien tuotteiden toimittamista [&hellip;]<\/p>\n","protected":false},"author":13,"featured_media":0,"parent":0,"menu_order":0,"comment_status":"closed","ping_status":"closed","template":"","meta":{"footnotes":""},"class_list":["post-3429","page","type-page","status-publish","hentry"],"_links":{"self":[{"href":"https:\/\/webshop.aitoavioliitto.fi\/index.php?rest_route=\/wp\/v2\/pages\/3429","targetHints":{"allow":["GET"]}}],"collection":[{"href":"https:\/\/webshop.aitoavioliitto.fi\/index.php?rest_route=\/wp\/v2\/pages"}],"about":[{"href":"https:\/\/webshop.aitoavioliitto.fi\/index.php?rest_route=\/wp\/v2\/types\/page"}],"author":[{"embeddable":true,"href":"https:\/\/webshop.aitoavioliitto.fi\/index.php?rest_route=\/wp\/v2\/users\/13"}],"replies":[{"embeddable":true,"href":"https:\/\/webshop.aitoavioliitto.fi\/index.php?rest_route=%2Fwp%2Fv2%2Fcomments&post=3429"}],"version-history":[{"count":14,"href":"https:\/\/webshop.aitoavioliitto.fi\/index.php?rest_route=\/wp\/v2\/pages\/3429\/revisions"}],"predecessor-version":[{"id":4172,"href":"https:\/\/webshop.aitoavioliitto.fi\/index.php?rest_route=\/wp\/v2\/pages\/3429\/revisions\/4172"}],"wp:attachment":[{"href":"https:\/\/webshop.aitoavioliitto.fi\/index.php?rest_route=%2Fwp%2Fv2%2Fmedia&parent=3429"}],"curies":[{"name":"wp","href":"https:\/\/api.w.org\/{rel}","templated":true}]}}