{"id":3074,"date":"2019-03-05T00:34:32","date_gmt":"2019-03-04T22:34:32","guid":{"rendered":"http:\/\/webshop.aitoavioliitto.fi\/?page_id=3074"},"modified":"2019-03-16T00:06:55","modified_gmt":"2019-03-15T22:06:55","slug":"tervetuloa","status":"publish","type":"page","link":"https:\/\/webshop.aitoavioliitto.fi\/?page_id=3074","title":{"rendered":"Tervetuloa tutustumaan uuteen verkkokauppaamme!"},"content":{"rendered":"<p>Aito avioliiton verkkokauppa uudistui 15.3.2019. Kauppamme on rakennettu kokonaan uusiksi uudelle tekniselle alustalle. Kehit\u00e4mme ja hiomme edelleen verkkokaupan toiminnallisuutta, paranettavaa varmasti l\u00f6ytyy.\u00a0 Alkuvaiheessa tavoitteena on ollut saada tekninen perustoiminnallisuus kuntoon ilman hienompia tai monimutkaisempia ominaisuuksia.\u00a0 K\u00e4ytt\u00e4j\u00e4n n\u00e4k\u00f6kulmaa ajatellen tavoitteena on saada kauppa yksinkertaisen selke\u00e4ksi k\u00e4ytt\u00e4\u00e4 ja mukavaksi asioida. \u00a0 \u00a0\u00a0<\/p>\n<p>Otamme mielell\u00e4\u00e4n vastaan palautetta ja kehitysehdotuksia. Mit\u00e4\u00e4n ehdottomia toteutuslupauksia emme voi ennakolta antaa koski se sitten kauppamme tekniikkaa tai tuotevalikoimaamme mutta arvioimme varmasti ideat.\u00a0 Tuotevalikoimaamme katsastamme ja kehit\u00e4mme jatkossa. \u00a0<\/p>\n<p>Yst\u00e4v\u00e4llisin terveisin<\/p>\n<p>Arto J\u00e4\u00e4skel\u00e4inen<\/p>\n<p>Tietotekniikan yll\u00e4pito &amp; asiakaspalvelu<\/p>\n<p><a href=\"mailto:verkkokauppa@aitoavioliitto.fi\">verkkokauppa@aitoavioliitto.fi<\/a><\/p>\n<p>\u00a0<\/p>\n\n\n<p><\/p>\n","protected":false},"excerpt":{"rendered":"<p>Aito avioliiton verkkokauppa uudistui 15.3.2019. Kauppamme on rakennettu kokonaan uusiksi uudelle tekniselle alustalle. Kehit\u00e4mme ja hiomme edelleen verkkokaupan toiminnallisuutta, paranettavaa varmasti l\u00f6ytyy.\u00a0 Alkuvaiheessa tavoitteena on ollut saada tekninen perustoiminnallisuus kuntoon ilman hienompia tai monimutkaisempia ominaisuuksia.\u00a0 K\u00e4ytt\u00e4j\u00e4n n\u00e4k\u00f6kulmaa ajatellen tavoitteena on saada kauppa yksinkertaisen selke\u00e4ksi k\u00e4ytt\u00e4\u00e4 ja mukavaksi asioida. \u00a0 \u00a0\u00a0 Otamme mielell\u00e4\u00e4n vastaan palautetta ja [&hellip;]<\/p>\n","protected":false},"author":13,"featured_media":0,"parent":0,"menu_order":0,"comment_status":"closed","ping_status":"closed","template":"template-homepage.php","meta":{"footnotes":""},"class_list":["post-3074","page","type-page","status-publish","hentry"],"_links":{"self":[{"href":"https:\/\/webshop.aitoavioliitto.fi\/index.php?rest_route=\/wp\/v2\/pages\/3074","targetHints":{"allow":["GET"]}}],"collection":[{"href":"https:\/\/webshop.aitoavioliitto.fi\/index.php?rest_route=\/wp\/v2\/pages"}],"about":[{"href":"https:\/\/webshop.aitoavioliitto.fi\/index.php?rest_route=\/wp\/v2\/types\/page"}],"author":[{"embeddable":true,"href":"https:\/\/webshop.aitoavioliitto.fi\/index.php?rest_route=\/wp\/v2\/users\/13"}],"replies":[{"embeddable":true,"href":"https:\/\/webshop.aitoavioliitto.fi\/index.php?rest_route=%2Fwp%2Fv2%2Fcomments&post=3074"}],"version-history":[{"count":7,"href":"https:\/\/webshop.aitoavioliitto.fi\/index.php?rest_route=\/wp\/v2\/pages\/3074\/revisions"}],"predecessor-version":[{"id":3485,"href":"https:\/\/webshop.aitoavioliitto.fi\/index.php?rest_route=\/wp\/v2\/pages\/3074\/revisions\/3485"}],"wp:attachment":[{"href":"https:\/\/webshop.aitoavioliitto.fi\/index.php?rest_route=%2Fwp%2Fv2%2Fmedia&parent=3074"}],"curies":[{"name":"wp","href":"https:\/\/api.w.org\/{rel}","templated":true}]}}